{"id":22,"date":"2022-11-24T14:30:32","date_gmt":"2022-11-24T14:30:32","guid":{"rendered":"http:\/\/eder.gal\/en\/?page_id=22"},"modified":"2023-11-11T09:59:55","modified_gmt":"2023-11-11T09:59:55","slug":"contacto","status":"publish","type":"page","link":"https:\/\/eder.gal\/en\/contacto\/","title":{"rendered":"Contacto"},"content":{"rendered":"\t\t<div data-elementor-type=\"wp-page\" data-elementor-id=\"22\" class=\"elementor elementor-22\">\n\t\t\t\t\t\t<section class=\"elementor-section elementor-top-section elementor-element elementor-element-f2e8d1e elementor-section-stretched elementor-section-boxed elementor-section-height-default elementor-section-height-default\" data-id=\"f2e8d1e\" data-element_type=\"section\" data-settings=\"{&quot;stretch_section&quot;:&quot;section-stretched&quot;,&quot;background_background&quot;:&quot;classic&quot;}\">\n\t\t\t\t\t\t<div class=\"elementor-container elementor-column-gap-wider\">\n\t\t\t\t\t<div class=\"elementor-column elementor-col-100 elementor-top-column elementor-element elementor-element-96a66c4\" data-id=\"96a66c4\" data-element_type=\"column\">\n\t\t\t<div class=\"elementor-widget-wrap elementor-element-populated\">\n\t\t\t\t\t\t<section class=\"elementor-section elementor-inner-section elementor-element elementor-element-b09b8ff elementor-section-boxed elementor-section-height-default elementor-section-height-default\" data-id=\"b09b8ff\" data-element_type=\"section\">\n\t\t\t\t\t\t<div class=\"elementor-container elementor-column-gap-default\">\n\t\t\t\t\t<div class=\"elementor-column elementor-col-25 elementor-inner-column elementor-element elementor-element-fb1e3f8\" data-id=\"fb1e3f8\" data-element_type=\"column\">\n\t\t\t<div class=\"elementor-widget-wrap\">\n\t\t\t\t\t\t\t<\/div>\n\t\t<\/div>\n\t\t\t\t<div class=\"elementor-column elementor-col-50 elementor-inner-column elementor-element elementor-element-458dd0b\" data-id=\"458dd0b\" data-element_type=\"column\">\n\t\t\t<div class=\"elementor-widget-wrap elementor-element-populated\">\n\t\t\t\t\t\t<div class=\"elementor-element elementor-element-89a5f5e elementor-widget elementor-widget-image\" data-id=\"89a5f5e\" data-element_type=\"widget\" data-widget_type=\"image.default\">\n\t\t\t\t<div class=\"elementor-widget-container\">\n\t\t\t\t\t\t\t\t\t\t\t\t\t\t\t<img decoding=\"async\" src=\"http:\/\/eder.gal\/en\/wp-content\/uploads\/2022\/11\/beburger3-sep1.svg\" title=\"\" alt=\"\" loading=\"lazy\" \/>\t\t\t\t\t\t\t\t\t\t\t\t\t\t\t<\/div>\n\t\t\t\t<\/div>\n\t\t\t\t<div class=\"elementor-element elementor-element-9027f26 elementor-widget elementor-widget-heading\" data-id=\"9027f26\" data-element_type=\"widget\" data-widget_type=\"heading.default\">\n\t\t\t\t<div class=\"elementor-widget-container\">\n\t\t\t\t\t<h1 class=\"elementor-heading-title elementor-size-default\">You are just one step away from enjoying an<span style=\"color:#FFC547\"> #experienciaEDER\n<\/span><\/h1>\t\t\t\t<\/div>\n\t\t\t\t<\/div>\n\t\t\t\t\t<\/div>\n\t\t<\/div>\n\t\t\t\t<div class=\"elementor-column elementor-col-25 elementor-inner-column elementor-element elementor-element-38164f1\" data-id=\"38164f1\" data-element_type=\"column\">\n\t\t\t<div class=\"elementor-widget-wrap\">\n\t\t\t\t\t\t\t<\/div>\n\t\t<\/div>\n\t\t\t\t\t<\/div>\n\t\t<\/section>\n\t\t\t\t\t<\/div>\n\t\t<\/div>\n\t\t\t\t\t<\/div>\n\t\t<\/section>\n\t\t\t\t<section class=\"elementor-section elementor-top-section elementor-element elementor-element-21c3419 elementor-section-full_width elementor-section-stretched elementor-section-height-min-height elementor-section-height-default elementor-section-items-middle\" data-id=\"21c3419\" data-element_type=\"section\" data-settings=\"{&quot;stretch_section&quot;:&quot;section-stretched&quot;,&quot;background_background&quot;:&quot;classic&quot;}\">\n\t\t\t\t\t\t<div class=\"elementor-container elementor-column-gap-wider\">\n\t\t\t\t\t<div class=\"elementor-column elementor-col-100 elementor-top-column elementor-element elementor-element-ee78abe\" data-id=\"ee78abe\" data-element_type=\"column\" data-settings=\"{&quot;background_background&quot;:&quot;classic&quot;}\">\n\t\t\t<div class=\"elementor-widget-wrap elementor-element-populated\">\n\t\t\t\t\t\t<section class=\"elementor-section elementor-inner-section elementor-element elementor-element-91b1924 elementor-section-boxed elementor-section-height-default elementor-section-height-default\" data-id=\"91b1924\" data-element_type=\"section\" data-settings=\"{&quot;background_background&quot;:&quot;classic&quot;}\">\n\t\t\t\t\t\t<div class=\"elementor-container elementor-column-gap-no\">\n\t\t\t\t\t<div class=\"elementor-column elementor-col-100 elementor-inner-column elementor-element elementor-element-c8941cb elementor-hidden-mobile\" data-id=\"c8941cb\" data-element_type=\"column\">\n\t\t\t<div class=\"elementor-widget-wrap elementor-element-populated\">\n\t\t\t\t\t\t<div class=\"elementor-element elementor-element-46450a6 elementor-widget elementor-widget-spacer\" data-id=\"46450a6\" data-element_type=\"widget\" data-widget_type=\"spacer.default\">\n\t\t\t\t<div class=\"elementor-widget-container\">\n\t\t\t\t\t\t\t<div class=\"elementor-spacer\">\n\t\t\t<div class=\"elementor-spacer-inner\"><\/div>\n\t\t<\/div>\n\t\t\t\t\t\t<\/div>\n\t\t\t\t<\/div>\n\t\t\t\t\t<\/div>\n\t\t<\/div>\n\t\t\t\t\t<\/div>\n\t\t<\/section>\n\t\t\t\t\t<\/div>\n\t\t<\/div>\n\t\t\t\t\t<\/div>\n\t\t<\/section>\n\t\t\t\t<section class=\"elementor-section elementor-top-section elementor-element elementor-element-36fd08e elementor-section-stretched elementor-section-full_width elementor-section-height-default elementor-section-height-default\" data-id=\"36fd08e\" data-element_type=\"section\" data-settings=\"{&quot;stretch_section&quot;:&quot;section-stretched&quot;}\">\n\t\t\t\t\t\t<div class=\"elementor-container elementor-column-gap-wider\">\n\t\t\t\t\t<div class=\"elementor-column elementor-col-100 elementor-top-column elementor-element elementor-element-2fd5134\" data-id=\"2fd5134\" data-element_type=\"column\">\n\t\t\t<div class=\"elementor-widget-wrap elementor-element-populated\">\n\t\t\t\t\t\t<section class=\"elementor-section elementor-inner-section elementor-element elementor-element-bac1dd3 elementor-section-full_width elementor-section-height-default elementor-section-height-default\" data-id=\"bac1dd3\" data-element_type=\"section\">\n\t\t\t\t\t\t<div class=\"elementor-container elementor-column-gap-default\">\n\t\t\t\t\t<div class=\"elementor-column elementor-col-33 elementor-inner-column elementor-element elementor-element-1b38075\" data-id=\"1b38075\" data-element_type=\"column\">\n\t\t\t<div class=\"elementor-widget-wrap elementor-element-populated\">\n\t\t\t\t\t\t<div class=\"elementor-element elementor-element-7629155 elementor-position-top elementor-widget elementor-widget-image-box\" data-id=\"7629155\" data-element_type=\"widget\" data-widget_type=\"image-box.default\">\n\t\t\t\t<div class=\"elementor-widget-container\">\n\t\t\t\t\t<div class=\"elementor-image-box-wrapper\"><figure class=\"elementor-image-box-img\"><a href=\"tel:881%20953%20391\" tabindex=\"-1\"><img fetchpriority=\"high\" decoding=\"async\" width=\"1200\" height=\"800\" src=\"https:\/\/eder.gal\/en\/wp-content\/uploads\/2023\/05\/2023-02-27-EDER-0260.webp\" class=\"attachment-full size-full wp-image-883\" alt=\"\" srcset=\"https:\/\/eder.gal\/en\/wp-content\/uploads\/2023\/05\/2023-02-27-EDER-0260.webp 1200w, https:\/\/eder.gal\/en\/wp-content\/uploads\/2023\/05\/2023-02-27-EDER-0260-300x200.webp 300w, https:\/\/eder.gal\/en\/wp-content\/uploads\/2023\/05\/2023-02-27-EDER-0260-1024x683.webp 1024w, https:\/\/eder.gal\/en\/wp-content\/uploads\/2023\/05\/2023-02-27-EDER-0260-768x512.webp 768w, https:\/\/eder.gal\/en\/wp-content\/uploads\/2023\/05\/2023-02-27-EDER-0260-219x146.webp 219w, https:\/\/eder.gal\/en\/wp-content\/uploads\/2023\/05\/2023-02-27-EDER-0260-50x33.webp 50w, https:\/\/eder.gal\/en\/wp-content\/uploads\/2023\/05\/2023-02-27-EDER-0260-113x75.webp 113w\" sizes=\"(max-width:767px) 480px, (max-width:1200px) 100vw, 1200px\" \/><\/a><\/figure><div class=\"elementor-image-box-content\"><h5 class=\"elementor-image-box-title\"><a href=\"tel:881%20953%20391\">California\u00b4s <\/a><\/h5><p class=\"elementor-image-box-description\">R\u00faa Ares N\u00ba 7, <BR>15570 Nar\u00f3n, A Coru\u00f1a<\/p><\/div><\/div>\t\t\t\t<\/div>\n\t\t\t\t<\/div>\n\t\t\t\t<div class=\"elementor-element elementor-element-5bcb0cc elementor-widget elementor-widget-heading\" data-id=\"5bcb0cc\" data-element_type=\"widget\" data-widget_type=\"heading.default\">\n\t\t\t\t<div class=\"elementor-widget-container\">\n\t\t\t\t\t<h4 class=\"elementor-heading-title elementor-size-default\"><a href=\"tel:881%20953%20391\">Tel. 881 953 391<\/a><\/h4>\t\t\t\t<\/div>\n\t\t\t\t<\/div>\n\t\t\t\t<div class=\"elementor-element elementor-element-7fd21b1 elementor-widget elementor-widget-google_maps\" data-id=\"7fd21b1\" data-element_type=\"widget\" data-widget_type=\"google_maps.default\">\n\t\t\t\t<div class=\"elementor-widget-container\">\n\t\t\t\t\t\t\t<div class=\"elementor-custom-embed\">\n\t\t\t<iframe loading=\"lazy\"\n\t\t\t\t\tsrc=\"https:\/\/maps.google.com\/maps?q=R%C3%BAa%20Ares%2C%207%2C%2015570%20Nar%C3%B3n%2C%20A%20Coru%C3%B1a%20EDER&#038;t=m&#038;z=13&#038;output=embed&#038;iwloc=near\"\n\t\t\t\t\ttitle=\"R\u00faa Ares, 7, 15570 Nar\u00f3n, A Coru\u00f1a EDER\"\n\t\t\t\t\taria-label=\"R\u00faa Ares, 7, 15570 Nar\u00f3n, A Coru\u00f1a EDER\"\n\t\t\t><\/iframe>\n\t\t<\/div>\n\t\t\t\t\t\t<\/div>\n\t\t\t\t<\/div>\n\t\t\t\t\t<\/div>\n\t\t<\/div>\n\t\t\t\t<div class=\"elementor-column elementor-col-33 elementor-inner-column elementor-element elementor-element-28586df\" data-id=\"28586df\" data-element_type=\"column\">\n\t\t\t<div class=\"elementor-widget-wrap elementor-element-populated\">\n\t\t\t\t\t\t<div class=\"elementor-element elementor-element-dd8801c elementor-position-top elementor-widget elementor-widget-image-box\" data-id=\"dd8801c\" data-element_type=\"widget\" data-widget_type=\"image-box.default\">\n\t\t\t\t<div class=\"elementor-widget-container\">\n\t\t\t\t\t<div class=\"elementor-image-box-wrapper\"><figure class=\"elementor-image-box-img\"><a href=\"tel:981%20324%20928\" tabindex=\"-1\"><img decoding=\"async\" width=\"1200\" height=\"800\" src=\"https:\/\/eder.gal\/en\/wp-content\/uploads\/2023\/05\/2023-02-27-EDER-0214.webp\" class=\"attachment-full size-full wp-image-882\" alt=\"\" srcset=\"https:\/\/eder.gal\/en\/wp-content\/uploads\/2023\/05\/2023-02-27-EDER-0214.webp 1200w, https:\/\/eder.gal\/en\/wp-content\/uploads\/2023\/05\/2023-02-27-EDER-0214-300x200.webp 300w, https:\/\/eder.gal\/en\/wp-content\/uploads\/2023\/05\/2023-02-27-EDER-0214-1024x683.webp 1024w, https:\/\/eder.gal\/en\/wp-content\/uploads\/2023\/05\/2023-02-27-EDER-0214-768x512.webp 768w, https:\/\/eder.gal\/en\/wp-content\/uploads\/2023\/05\/2023-02-27-EDER-0214-219x146.webp 219w, https:\/\/eder.gal\/en\/wp-content\/uploads\/2023\/05\/2023-02-27-EDER-0214-50x33.webp 50w, https:\/\/eder.gal\/en\/wp-content\/uploads\/2023\/05\/2023-02-27-EDER-0214-113x75.webp 113w\" sizes=\"(max-width:767px) 480px, (max-width:1200px) 100vw, 1200px\" \/><\/a><\/figure><div class=\"elementor-image-box-content\"><h5 class=\"elementor-image-box-title\"><a href=\"tel:981%20324%20928\">Memories<\/a><\/h5><p class=\"elementor-image-box-description\">R\u00faa Espa\u00f1oleto N\u00ba 45 <BR> 15403 Ferrol<\/p><\/div><\/div>\t\t\t\t<\/div>\n\t\t\t\t<\/div>\n\t\t\t\t<div class=\"elementor-element elementor-element-9064268 elementor-widget elementor-widget-heading\" data-id=\"9064268\" data-element_type=\"widget\" data-widget_type=\"heading.default\">\n\t\t\t\t<div class=\"elementor-widget-container\">\n\t\t\t\t\t<h4 class=\"elementor-heading-title elementor-size-default\"><a href=\"tel:981%20324%20928\">Tel. 981 324 928<\/a><\/h4>\t\t\t\t<\/div>\n\t\t\t\t<\/div>\n\t\t\t\t<div class=\"elementor-element elementor-element-62475f8 elementor-widget elementor-widget-google_maps\" data-id=\"62475f8\" data-element_type=\"widget\" data-widget_type=\"google_maps.default\">\n\t\t\t\t<div class=\"elementor-widget-container\">\n\t\t\t\t\t\t\t<div class=\"elementor-custom-embed\">\n\t\t\t<iframe loading=\"lazy\"\n\t\t\t\t\tsrc=\"https:\/\/maps.google.com\/maps?q=R%C3%BAa%20Espa%C3%B1oleto%2C%2045%2C%2015403%20Ferrol%20EDER&#038;t=m&#038;z=13&#038;output=embed&#038;iwloc=near\"\n\t\t\t\t\ttitle=\"R\u00faa Espa\u00f1oleto, 45, 15403 Ferrol EDER\"\n\t\t\t\t\taria-label=\"R\u00faa Espa\u00f1oleto, 45, 15403 Ferrol EDER\"\n\t\t\t><\/iframe>\n\t\t<\/div>\n\t\t\t\t\t\t<\/div>\n\t\t\t\t<\/div>\n\t\t\t\t\t<\/div>\n\t\t<\/div>\n\t\t\t\t<div class=\"elementor-column elementor-col-33 elementor-inner-column elementor-element elementor-element-fbad99f\" data-id=\"fbad99f\" data-element_type=\"column\">\n\t\t\t<div class=\"elementor-widget-wrap elementor-element-populated\">\n\t\t\t\t\t\t<div class=\"elementor-element elementor-element-3d068e4 elementor-position-top elementor-widget elementor-widget-image-box\" data-id=\"3d068e4\" data-element_type=\"widget\" data-widget_type=\"image-box.default\">\n\t\t\t\t<div class=\"elementor-widget-container\">\n\t\t\t\t\t<div class=\"elementor-image-box-wrapper\"><figure class=\"elementor-image-box-img\"><a href=\"tel:981%20324%20928\" tabindex=\"-1\"><img decoding=\"async\" width=\"1200\" height=\"800\" src=\"https:\/\/eder.gal\/en\/wp-content\/uploads\/2023\/11\/Atavico-by-Eder-1.jpg\" class=\"attachment-full size-full wp-image-1764\" alt=\"\" srcset=\"https:\/\/eder.gal\/en\/wp-content\/uploads\/2023\/11\/Atavico-by-Eder-1.jpg 1200w, https:\/\/eder.gal\/en\/wp-content\/uploads\/2023\/11\/Atavico-by-Eder-1-300x200.jpg 300w, https:\/\/eder.gal\/en\/wp-content\/uploads\/2023\/11\/Atavico-by-Eder-1-1024x683.jpg 1024w, https:\/\/eder.gal\/en\/wp-content\/uploads\/2023\/11\/Atavico-by-Eder-1-768x512.jpg 768w, https:\/\/eder.gal\/en\/wp-content\/uploads\/2023\/11\/Atavico-by-Eder-1-113x75.jpg 113w, https:\/\/eder.gal\/en\/wp-content\/uploads\/2023\/11\/Atavico-by-Eder-1-480x320.jpg 480w\" sizes=\"(max-width:767px) 480px, (max-width:1200px) 100vw, 1200px\" \/><\/a><\/figure><div class=\"elementor-image-box-content\"><h5 class=\"elementor-image-box-title\"><a href=\"tel:981%20324%20928\">At\u00e1vico<\/a><\/h5><p class=\"elementor-image-box-description\">Est. de Castela N\u00ba 723 <br>15572 Nar\u00f3n, A Coru\u00f1a\n<\/p><\/div><\/div>\t\t\t\t<\/div>\n\t\t\t\t<\/div>\n\t\t\t\t<div class=\"elementor-element elementor-element-6b01815 elementor-widget elementor-widget-heading\" data-id=\"6b01815\" data-element_type=\"widget\" data-widget_type=\"heading.default\">\n\t\t\t\t<div class=\"elementor-widget-container\">\n\t\t\t\t\t<h4 class=\"elementor-heading-title elementor-size-default\"><a href=\"tel:881%2000%2065%2037\">Tel. 881 00 65 37<\/a><\/h4>\t\t\t\t<\/div>\n\t\t\t\t<\/div>\n\t\t\t\t<div class=\"elementor-element elementor-element-6c54827 elementor-widget elementor-widget-google_maps\" data-id=\"6c54827\" data-element_type=\"widget\" data-widget_type=\"google_maps.default\">\n\t\t\t\t<div class=\"elementor-widget-container\">\n\t\t\t\t\t\t\t<div class=\"elementor-custom-embed\">\n\t\t\t<iframe loading=\"lazy\"\n\t\t\t\t\tsrc=\"https:\/\/maps.google.com\/maps?q=At%C3%A1vico%20Est.%20de%20Castela%2C%20723%2C%2015572%20Nar%C3%B3n%2C%20A%20Coru%C3%B1a&#038;t=m&#038;z=15&#038;output=embed&#038;iwloc=near\"\n\t\t\t\t\ttitle=\"At\u00e1vico Est. de Castela, 723, 15572 Nar\u00f3n, A Coru\u00f1a\"\n\t\t\t\t\taria-label=\"At\u00e1vico Est. de Castela, 723, 15572 Nar\u00f3n, A Coru\u00f1a\"\n\t\t\t><\/iframe>\n\t\t<\/div>\n\t\t\t\t\t\t<\/div>\n\t\t\t\t<\/div>\n\t\t\t\t\t<\/div>\n\t\t<\/div>\n\t\t\t\t\t<\/div>\n\t\t<\/section>\n\t\t\t\t\t<\/div>\n\t\t<\/div>\n\t\t\t\t\t<\/div>\n\t\t<\/section>\n\t\t\t\t<section class=\"elementor-section elementor-top-section elementor-element elementor-element-2f9dc29 elementor-section-stretched elementor-section-boxed elementor-section-height-default elementor-section-height-default\" data-id=\"2f9dc29\" data-element_type=\"section\" data-settings=\"{&quot;stretch_section&quot;:&quot;section-stretched&quot;}\">\n\t\t\t\t\t\t\t<div class=\"elementor-background-overlay\"><\/div>\n\t\t\t\t\t\t\t<div class=\"elementor-container elementor-column-gap-wider\">\n\t\t\t\t\t<div class=\"elementor-column elementor-col-100 elementor-top-column elementor-element elementor-element-84c963a\" data-id=\"84c963a\" data-element_type=\"column\">\n\t\t\t<div class=\"elementor-widget-wrap elementor-element-populated\">\n\t\t\t\t\t\t<section class=\"elementor-section elementor-inner-section elementor-element elementor-element-b8f7fe7 elementor-section-boxed elementor-section-height-default elementor-section-height-default\" data-id=\"b8f7fe7\" data-element_type=\"section\">\n\t\t\t\t\t\t<div class=\"elementor-container elementor-column-gap-default\">\n\t\t\t\t\t<div class=\"elementor-column elementor-col-100 elementor-inner-column elementor-element elementor-element-ae74a46\" data-id=\"ae74a46\" data-element_type=\"column\">\n\t\t\t<div class=\"elementor-widget-wrap elementor-element-populated\">\n\t\t\t\t\t\t<div class=\"elementor-element elementor-element-edc79c0 elementor-widget elementor-widget-heading\" data-id=\"edc79c0\" data-element_type=\"widget\" data-widget_type=\"heading.default\">\n\t\t\t\t<div class=\"elementor-widget-container\">\n\t\t\t\t\t<h6 class=\"elementor-heading-title elementor-size-default\">CONTACT FORM<\/h6>\t\t\t\t<\/div>\n\t\t\t\t<\/div>\n\t\t\t\t<div class=\"elementor-element elementor-element-e467aa7 elementor-widget elementor-widget-heading\" data-id=\"e467aa7\" data-element_type=\"widget\" data-widget_type=\"heading.default\">\n\t\t\t\t<div class=\"elementor-widget-container\">\n\t\t\t\t\t<h2 class=\"elementor-heading-title elementor-size-default\">Please fill out the form<span style=\"color:#FFC547\"> to contact us.<\/span><\/h2>\t\t\t\t<\/div>\n\t\t\t\t<\/div>\n\t\t\t\t\t<\/div>\n\t\t<\/div>\n\t\t\t\t\t<\/div>\n\t\t<\/section>\n\t\t\t\t\t<\/div>\n\t\t<\/div>\n\t\t\t\t\t<\/div>\n\t\t<\/section>\n\t\t\t\t<\/div>\n\t\t","protected":false},"excerpt":{"rendered":"<p>You are just one step away from enjoying an #experienciaEDER California\u00b4s R\u00faa Ares N\u00ba 7, 15570 Nar\u00f3n, A Coru\u00f1a Tel. 881 953 391 Memories R\u00faa Espa\u00f1oleto<span class=\"excerpt-hellip\"> [\u2026]<\/span><\/p>\n","protected":false},"author":1,"featured_media":0,"parent":0,"menu_order":0,"comment_status":"open","ping_status":"closed","template":"elementor_header_footer","meta":{"footnotes":""},"class_list":["post-22","page","type-page","status-publish","hentry"],"_links":{"self":[{"href":"https:\/\/eder.gal\/en\/wp-json\/wp\/v2\/pages\/22","targetHints":{"allow":["GET"]}}],"collection":[{"href":"https:\/\/eder.gal\/en\/wp-json\/wp\/v2\/pages"}],"about":[{"href":"https:\/\/eder.gal\/en\/wp-json\/wp\/v2\/types\/page"}],"author":[{"embeddable":true,"href":"https:\/\/eder.gal\/en\/wp-json\/wp\/v2\/users\/1"}],"replies":[{"embeddable":true,"href":"https:\/\/eder.gal\/en\/wp-json\/wp\/v2\/comments?post=22"}],"version-history":[{"count":43,"href":"https:\/\/eder.gal\/en\/wp-json\/wp\/v2\/pages\/22\/revisions"}],"predecessor-version":[{"id":1771,"href":"https:\/\/eder.gal\/en\/wp-json\/wp\/v2\/pages\/22\/revisions\/1771"}],"wp:attachment":[{"href":"https:\/\/eder.gal\/en\/wp-json\/wp\/v2\/media?parent=22"}],"curies":[{"name":"wp","href":"https:\/\/api.w.org\/{rel}","templated":true}]}}