{"id":1595,"date":"2023-06-29T16:11:31","date_gmt":"2023-06-29T16:11:31","guid":{"rendered":"http:\/\/eder.gal\/en\/?page_id=1595"},"modified":"2023-06-29T16:58:25","modified_gmt":"2023-06-29T16:58:25","slug":"alergenos","status":"publish","type":"page","link":"https:\/\/eder.gal\/en\/alergenos\/","title":{"rendered":"Al\u00e9rgenos"},"content":{"rendered":"\t\t<div data-elementor-type=\"wp-page\" data-elementor-id=\"1595\" class=\"elementor elementor-1595\">\n\t\t\t\t\t\t<section class=\"elementor-section elementor-top-section elementor-element elementor-element-98f0911 elementor-section-boxed elementor-section-height-default elementor-section-height-default\" data-id=\"98f0911\" data-element_type=\"section\">\n\t\t\t\t\t\t<div class=\"elementor-container elementor-column-gap-default\">\n\t\t\t\t\t<div class=\"elementor-column elementor-col-100 elementor-top-column elementor-element elementor-element-5dd8d9e\" data-id=\"5dd8d9e\" data-element_type=\"column\">\n\t\t\t<div class=\"elementor-widget-wrap elementor-element-populated\">\n\t\t\t\t\t\t<div class=\"elementor-element elementor-element-b08f941 elementor-widget elementor-widget-image\" data-id=\"b08f941\" data-element_type=\"widget\" data-widget_type=\"image.default\">\n\t\t\t\t<div class=\"elementor-widget-container\">\n\t\t\t\t\t\t\t\t\t\t\t\t\t\t\t<img fetchpriority=\"high\" decoding=\"async\" width=\"310\" height=\"224\" src=\"https:\/\/eder.gal\/en\/wp-content\/uploads\/2023\/06\/talba-de-alergenos.png\" class=\"attachment-full size-full wp-image-1610\" alt=\"\" srcset=\"https:\/\/eder.gal\/en\/wp-content\/uploads\/2023\/06\/talba-de-alergenos.png 310w, https:\/\/eder.gal\/en\/wp-content\/uploads\/2023\/06\/talba-de-alergenos-300x217.png 300w, https:\/\/eder.gal\/en\/wp-content\/uploads\/2023\/06\/talba-de-alergenos-104x75.png 104w\" sizes=\"(max-width:767px) 310px, 310px\" \/>\t\t\t\t\t\t\t\t\t\t\t\t\t\t\t<\/div>\n\t\t\t\t<\/div>\n\t\t\t\t<div class=\"elementor-element elementor-element-a0a95d6 elementor-widget elementor-widget-text-editor\" data-id=\"a0a95d6\" data-element_type=\"widget\" data-widget_type=\"text-editor.default\">\n\t\t\t\t<div class=\"elementor-widget-container\">\n\t\t\t\t\t\t\t\t\tPor las caracter\u00edsticas de instalaci\u00f3n, manipulaci\u00f3n y elaboraci\u00f3n de nuestro establecimiento, todos nuestros productos son susceptibles de contener de manera directa o a trav\u00e9s de la contaminaci\u00f3n cruzada alg\u00fan tipo de al\u00e9rgeno.\t\t\t\t\t\t\t\t<\/div>\n\t\t\t\t<\/div>\n\t\t\t\t\t<\/div>\n\t\t<\/div>\n\t\t\t\t\t<\/div>\n\t\t<\/section>\n\t\t\t\t<section class=\"elementor-section elementor-top-section elementor-element elementor-element-e938c68 elementor-section-boxed elementor-section-height-default elementor-section-height-default\" data-id=\"e938c68\" data-element_type=\"section\">\n\t\t\t\t\t\t<div class=\"elementor-container elementor-column-gap-default\">\n\t\t\t\t\t<div class=\"elementor-column elementor-col-33 elementor-top-column elementor-element elementor-element-fd01891\" data-id=\"fd01891\" data-element_type=\"column\">\n\t\t\t<div class=\"elementor-widget-wrap elementor-element-populated\">\n\t\t\t\t\t\t<div class=\"elementor-element elementor-element-9b276c0 elementor-widget elementor-widget-heading\" data-id=\"9b276c0\" data-element_type=\"widget\" data-widget_type=\"heading.default\">\n\t\t\t\t<div class=\"elementor-widget-container\">\n\t\t\t\t\t<h2 class=\"elementor-heading-title elementor-size-default\">Desayunos<\/h2>\t\t\t\t<\/div>\n\t\t\t\t<\/div>\n\t\t\t\t<div class=\"elementor-element elementor-element-6830ada elementor-widget elementor-widget-image\" data-id=\"6830ada\" data-element_type=\"widget\" data-widget_type=\"image.default\">\n\t\t\t\t<div class=\"elementor-widget-container\">\n\t\t\t\t\t\t\t\t\t\t\t\t\t\t\t<img decoding=\"async\" width=\"493\" height=\"160\" src=\"https:\/\/eder.gal\/en\/wp-content\/uploads\/2023\/06\/desayunos-.png\" class=\"attachment-large size-large wp-image-1601\" alt=\"\" srcset=\"https:\/\/eder.gal\/en\/wp-content\/uploads\/2023\/06\/desayunos-.png 493w, https:\/\/eder.gal\/en\/wp-content\/uploads\/2023\/06\/desayunos--300x97.png 300w, https:\/\/eder.gal\/en\/wp-content\/uploads\/2023\/06\/desayunos--150x49.png 150w, https:\/\/eder.gal\/en\/wp-content\/uploads\/2023\/06\/desayunos--480x156.png 480w\" sizes=\"(max-width:767px) 480px, 493px\" \/>\t\t\t\t\t\t\t\t\t\t\t\t\t\t\t<\/div>\n\t\t\t\t<\/div>\n\t\t\t\t\t<\/div>\n\t\t<\/div>\n\t\t\t\t<div class=\"elementor-column elementor-col-33 elementor-top-column elementor-element elementor-element-0d19fae\" data-id=\"0d19fae\" data-element_type=\"column\">\n\t\t\t<div class=\"elementor-widget-wrap elementor-element-populated\">\n\t\t\t\t\t\t<div class=\"elementor-element elementor-element-abe37e1 elementor-widget elementor-widget-heading\" data-id=\"abe37e1\" data-element_type=\"widget\" data-widget_type=\"heading.default\">\n\t\t\t\t<div class=\"elementor-widget-container\">\n\t\t\t\t\t<h2 class=\"elementor-heading-title elementor-size-default\">Sandwiches<\/h2>\t\t\t\t<\/div>\n\t\t\t\t<\/div>\n\t\t\t\t<div class=\"elementor-element elementor-element-a1b03da elementor-widget elementor-widget-image\" data-id=\"a1b03da\" data-element_type=\"widget\" data-widget_type=\"image.default\">\n\t\t\t\t<div class=\"elementor-widget-container\">\n\t\t\t\t\t\t\t\t\t\t\t\t\t\t\t<img decoding=\"async\" width=\"251\" height=\"191\" src=\"https:\/\/eder.gal\/en\/wp-content\/uploads\/2023\/06\/Sandwiches-2.png\" class=\"attachment-large size-large wp-image-1614\" alt=\"\" srcset=\"https:\/\/eder.gal\/en\/wp-content\/uploads\/2023\/06\/Sandwiches-2.png 251w, https:\/\/eder.gal\/en\/wp-content\/uploads\/2023\/06\/Sandwiches-2-99x75.png 99w\" sizes=\"(max-width:767px) 251px, 251px\" \/>\t\t\t\t\t\t\t\t\t\t\t\t\t\t\t<\/div>\n\t\t\t\t<\/div>\n\t\t\t\t\t<\/div>\n\t\t<\/div>\n\t\t\t\t<div class=\"elementor-column elementor-col-33 elementor-top-column elementor-element elementor-element-be0a84b\" data-id=\"be0a84b\" data-element_type=\"column\">\n\t\t\t<div class=\"elementor-widget-wrap elementor-element-populated\">\n\t\t\t\t\t\t<div class=\"elementor-element elementor-element-1c14db7 elementor-widget elementor-widget-heading\" data-id=\"1c14db7\" data-element_type=\"widget\" data-widget_type=\"heading.default\">\n\t\t\t\t<div class=\"elementor-widget-container\">\n\t\t\t\t\t<h2 class=\"elementor-heading-title elementor-size-default\">Ensaladas<\/h2>\t\t\t\t<\/div>\n\t\t\t\t<\/div>\n\t\t\t\t<div class=\"elementor-element elementor-element-a07b7bb elementor-widget elementor-widget-image\" data-id=\"a07b7bb\" data-element_type=\"widget\" data-widget_type=\"image.default\">\n\t\t\t\t<div class=\"elementor-widget-container\">\n\t\t\t\t\t\t\t\t\t\t\t\t\t\t\t<img loading=\"lazy\" decoding=\"async\" width=\"268\" height=\"164\" src=\"https:\/\/eder.gal\/en\/wp-content\/uploads\/2023\/06\/Las-ensaladas.png\" class=\"attachment-large size-large wp-image-1598\" alt=\"\" srcset=\"https:\/\/eder.gal\/en\/wp-content\/uploads\/2023\/06\/Las-ensaladas.png 268w, https:\/\/eder.gal\/en\/wp-content\/uploads\/2023\/06\/Las-ensaladas-123x75.png 123w\" sizes=\"(max-width:767px) 268px, 268px\" \/>\t\t\t\t\t\t\t\t\t\t\t\t\t\t\t<\/div>\n\t\t\t\t<\/div>\n\t\t\t\t\t<\/div>\n\t\t<\/div>\n\t\t\t\t\t<\/div>\n\t\t<\/section>\n\t\t\t\t<section class=\"elementor-section elementor-top-section elementor-element elementor-element-7b065cb elementor-section-boxed elementor-section-height-default elementor-section-height-default\" data-id=\"7b065cb\" data-element_type=\"section\">\n\t\t\t\t\t\t<div class=\"elementor-container elementor-column-gap-default\">\n\t\t\t\t\t<div class=\"elementor-column elementor-col-33 elementor-top-column elementor-element elementor-element-de600f4\" data-id=\"de600f4\" data-element_type=\"column\">\n\t\t\t<div class=\"elementor-widget-wrap elementor-element-populated\">\n\t\t\t\t\t\t<div class=\"elementor-element elementor-element-826c506 elementor-widget elementor-widget-heading\" data-id=\"826c506\" data-element_type=\"widget\" data-widget_type=\"heading.default\">\n\t\t\t\t<div class=\"elementor-widget-container\">\n\t\t\t\t\t<h2 class=\"elementor-heading-title elementor-size-default\">Ensaldas de pasta<\/h2>\t\t\t\t<\/div>\n\t\t\t\t<\/div>\n\t\t\t\t<div class=\"elementor-element elementor-element-86c95da elementor-widget elementor-widget-image\" data-id=\"86c95da\" data-element_type=\"widget\" data-widget_type=\"image.default\">\n\t\t\t\t<div class=\"elementor-widget-container\">\n\t\t\t\t\t\t\t\t\t\t\t\t\t\t\t<img loading=\"lazy\" decoding=\"async\" width=\"273\" height=\"138\" src=\"https:\/\/eder.gal\/en\/wp-content\/uploads\/2023\/06\/desayunos.png\" class=\"attachment-large size-large wp-image-1600\" alt=\"\" srcset=\"https:\/\/eder.gal\/en\/wp-content\/uploads\/2023\/06\/desayunos.png 273w, https:\/\/eder.gal\/en\/wp-content\/uploads\/2023\/06\/desayunos-148x75.png 148w\" sizes=\"(max-width:767px) 273px, 273px\" \/>\t\t\t\t\t\t\t\t\t\t\t\t\t\t\t<\/div>\n\t\t\t\t<\/div>\n\t\t\t\t\t<\/div>\n\t\t<\/div>\n\t\t\t\t<div class=\"elementor-column elementor-col-33 elementor-top-column elementor-element elementor-element-340b9e3\" data-id=\"340b9e3\" data-element_type=\"column\">\n\t\t\t<div class=\"elementor-widget-wrap elementor-element-populated\">\n\t\t\t\t\t\t<div class=\"elementor-element elementor-element-647b150 elementor-widget elementor-widget-heading\" data-id=\"647b150\" data-element_type=\"widget\" data-widget_type=\"heading.default\">\n\t\t\t\t<div class=\"elementor-widget-container\">\n\t\t\t\t\t<h2 class=\"elementor-heading-title elementor-size-default\">1\u00ba T\u00fa decides<\/h2>\t\t\t\t<\/div>\n\t\t\t\t<\/div>\n\t\t\t\t<div class=\"elementor-element elementor-element-c2f4c12 elementor-widget elementor-widget-image\" data-id=\"c2f4c12\" data-element_type=\"widget\" data-widget_type=\"image.default\">\n\t\t\t\t<div class=\"elementor-widget-container\">\n\t\t\t\t\t\t\t\t\t\t\t\t\t\t\t<img loading=\"lazy\" decoding=\"async\" width=\"362\" height=\"284\" src=\"https:\/\/eder.gal\/en\/wp-content\/uploads\/2023\/06\/Tu-decides.png\" class=\"attachment-large size-large wp-image-1602\" alt=\"\" srcset=\"https:\/\/eder.gal\/en\/wp-content\/uploads\/2023\/06\/Tu-decides.png 362w, https:\/\/eder.gal\/en\/wp-content\/uploads\/2023\/06\/Tu-decides-300x235.png 300w, https:\/\/eder.gal\/en\/wp-content\/uploads\/2023\/06\/Tu-decides-96x75.png 96w\" sizes=\"(max-width:767px) 362px, 362px\" \/>\t\t\t\t\t\t\t\t\t\t\t\t\t\t\t<\/div>\n\t\t\t\t<\/div>\n\t\t\t\t\t<\/div>\n\t\t<\/div>\n\t\t\t\t<div class=\"elementor-column elementor-col-33 elementor-top-column elementor-element elementor-element-c23cc6c\" data-id=\"c23cc6c\" data-element_type=\"column\">\n\t\t\t<div class=\"elementor-widget-wrap elementor-element-populated\">\n\t\t\t\t\t\t<div class=\"elementor-element elementor-element-b72f314 elementor-widget elementor-widget-heading\" data-id=\"b72f314\" data-element_type=\"widget\" data-widget_type=\"heading.default\">\n\t\t\t\t<div class=\"elementor-widget-container\">\n\t\t\t\t\t<h2 class=\"elementor-heading-title elementor-size-default\">2\u00ba A\u00f1ade ingredientes\n<\/h2>\t\t\t\t<\/div>\n\t\t\t\t<\/div>\n\t\t\t\t<div class=\"elementor-element elementor-element-a4a8d83 elementor-widget elementor-widget-image\" data-id=\"a4a8d83\" data-element_type=\"widget\" data-widget_type=\"image.default\">\n\t\t\t\t<div class=\"elementor-widget-container\">\n\t\t\t\t\t\t\t\t\t\t\t\t\t\t\t<img loading=\"lazy\" decoding=\"async\" width=\"522\" height=\"188\" src=\"https:\/\/eder.gal\/en\/wp-content\/uploads\/2023\/06\/anade-ingredientes.png\" class=\"attachment-large size-large wp-image-1603\" alt=\"\" srcset=\"https:\/\/eder.gal\/en\/wp-content\/uploads\/2023\/06\/anade-ingredientes.png 522w, https:\/\/eder.gal\/en\/wp-content\/uploads\/2023\/06\/anade-ingredientes-300x108.png 300w, https:\/\/eder.gal\/en\/wp-content\/uploads\/2023\/06\/anade-ingredientes-150x54.png 150w, https:\/\/eder.gal\/en\/wp-content\/uploads\/2023\/06\/anade-ingredientes-480x173.png 480w\" sizes=\"(max-width:767px) 480px, 522px\" \/>\t\t\t\t\t\t\t\t\t\t\t\t\t\t\t<\/div>\n\t\t\t\t<\/div>\n\t\t\t\t\t<\/div>\n\t\t<\/div>\n\t\t\t\t\t<\/div>\n\t\t<\/section>\n\t\t\t\t<section class=\"elementor-section elementor-top-section elementor-element elementor-element-1c26a09 elementor-section-boxed elementor-section-height-default elementor-section-height-default\" data-id=\"1c26a09\" data-element_type=\"section\">\n\t\t\t\t\t\t<div class=\"elementor-container elementor-column-gap-default\">\n\t\t\t\t\t<div class=\"elementor-column elementor-col-33 elementor-top-column elementor-element elementor-element-c27707b\" data-id=\"c27707b\" data-element_type=\"column\">\n\t\t\t<div class=\"elementor-widget-wrap elementor-element-populated\">\n\t\t\t\t\t\t<div class=\"elementor-element elementor-element-2110a62 elementor-widget elementor-widget-heading\" data-id=\"2110a62\" data-element_type=\"widget\" data-widget_type=\"heading.default\">\n\t\t\t\t<div class=\"elementor-widget-container\">\n\t\t\t\t\t<h2 class=\"elementor-heading-title elementor-size-default\">Acompa\u00f1a con<\/h2>\t\t\t\t<\/div>\n\t\t\t\t<\/div>\n\t\t\t\t<div class=\"elementor-element elementor-element-7bbff64 elementor-widget elementor-widget-image\" data-id=\"7bbff64\" data-element_type=\"widget\" data-widget_type=\"image.default\">\n\t\t\t\t<div class=\"elementor-widget-container\">\n\t\t\t\t\t\t\t\t\t\t\t\t\t\t\t<img loading=\"lazy\" decoding=\"async\" width=\"327\" height=\"232\" src=\"https:\/\/eder.gal\/en\/wp-content\/uploads\/2023\/06\/acompana-con.png\" class=\"attachment-large size-large wp-image-1604\" alt=\"\" srcset=\"https:\/\/eder.gal\/en\/wp-content\/uploads\/2023\/06\/acompana-con.png 327w, https:\/\/eder.gal\/en\/wp-content\/uploads\/2023\/06\/acompana-con-300x213.png 300w, https:\/\/eder.gal\/en\/wp-content\/uploads\/2023\/06\/acompana-con-106x75.png 106w\" sizes=\"(max-width:767px) 327px, 327px\" \/>\t\t\t\t\t\t\t\t\t\t\t\t\t\t\t<\/div>\n\t\t\t\t<\/div>\n\t\t\t\t\t<\/div>\n\t\t<\/div>\n\t\t\t\t<div class=\"elementor-column elementor-col-33 elementor-top-column elementor-element elementor-element-edd5f21\" data-id=\"edd5f21\" data-element_type=\"column\">\n\t\t\t<div class=\"elementor-widget-wrap elementor-element-populated\">\n\t\t\t\t\t\t<div class=\"elementor-element elementor-element-fb340ff elementor-widget elementor-widget-heading\" data-id=\"fb340ff\" data-element_type=\"widget\" data-widget_type=\"heading.default\">\n\t\t\t\t<div class=\"elementor-widget-container\">\n\t\t\t\t\t<h2 class=\"elementor-heading-title elementor-size-default\">Salsas<\/h2>\t\t\t\t<\/div>\n\t\t\t\t<\/div>\n\t\t\t\t<div class=\"elementor-element elementor-element-960641f elementor-widget elementor-widget-image\" data-id=\"960641f\" data-element_type=\"widget\" data-widget_type=\"image.default\">\n\t\t\t\t<div class=\"elementor-widget-container\">\n\t\t\t\t\t\t\t\t\t\t\t\t\t\t\t<img loading=\"lazy\" decoding=\"async\" width=\"526\" height=\"233\" src=\"https:\/\/eder.gal\/en\/wp-content\/uploads\/2023\/06\/Salsas.png\" class=\"attachment-large size-large wp-image-1605\" alt=\"\" srcset=\"https:\/\/eder.gal\/en\/wp-content\/uploads\/2023\/06\/Salsas.png 526w, https:\/\/eder.gal\/en\/wp-content\/uploads\/2023\/06\/Salsas-300x133.png 300w, https:\/\/eder.gal\/en\/wp-content\/uploads\/2023\/06\/Salsas-150x66.png 150w, https:\/\/eder.gal\/en\/wp-content\/uploads\/2023\/06\/Salsas-480x213.png 480w\" sizes=\"(max-width:767px) 480px, 526px\" \/>\t\t\t\t\t\t\t\t\t\t\t\t\t\t\t<\/div>\n\t\t\t\t<\/div>\n\t\t\t\t\t<\/div>\n\t\t<\/div>\n\t\t\t\t<div class=\"elementor-column elementor-col-33 elementor-top-column elementor-element elementor-element-f67513c\" data-id=\"f67513c\" data-element_type=\"column\">\n\t\t\t<div class=\"elementor-widget-wrap elementor-element-populated\">\n\t\t\t\t\t\t<div class=\"elementor-element elementor-element-661ee36 elementor-widget elementor-widget-heading\" data-id=\"661ee36\" data-element_type=\"widget\" data-widget_type=\"heading.default\">\n\t\t\t\t<div class=\"elementor-widget-container\">\n\t\t\t\t\t<h2 class=\"elementor-heading-title elementor-size-default\">Las sugerencias\n<\/h2>\t\t\t\t<\/div>\n\t\t\t\t<\/div>\n\t\t\t\t<div class=\"elementor-element elementor-element-41a7ed0 elementor-widget elementor-widget-image\" data-id=\"41a7ed0\" data-element_type=\"widget\" data-widget_type=\"image.default\">\n\t\t\t\t<div class=\"elementor-widget-container\">\n\t\t\t\t\t\t\t\t\t\t\t\t\t\t\t<img loading=\"lazy\" decoding=\"async\" width=\"292\" height=\"287\" src=\"https:\/\/eder.gal\/en\/wp-content\/uploads\/2023\/06\/lassugerencias.png\" class=\"attachment-large size-large wp-image-1606\" alt=\"\" srcset=\"https:\/\/eder.gal\/en\/wp-content\/uploads\/2023\/06\/lassugerencias.png 292w, https:\/\/eder.gal\/en\/wp-content\/uploads\/2023\/06\/lassugerencias-76x75.png 76w\" sizes=\"(max-width:767px) 292px, 292px\" \/>\t\t\t\t\t\t\t\t\t\t\t\t\t\t\t<\/div>\n\t\t\t\t<\/div>\n\t\t\t\t\t<\/div>\n\t\t<\/div>\n\t\t\t\t\t<\/div>\n\t\t<\/section>\n\t\t\t\t<section class=\"elementor-section elementor-top-section elementor-element elementor-element-dfd2fc7 elementor-section-boxed elementor-section-height-default elementor-section-height-default\" data-id=\"dfd2fc7\" data-element_type=\"section\">\n\t\t\t\t\t\t<div class=\"elementor-container elementor-column-gap-default\">\n\t\t\t\t\t<div class=\"elementor-column elementor-col-33 elementor-top-column elementor-element elementor-element-32d4fa0\" data-id=\"32d4fa0\" data-element_type=\"column\">\n\t\t\t<div class=\"elementor-widget-wrap elementor-element-populated\">\n\t\t\t\t\t\t<div class=\"elementor-element elementor-element-bfb0f48 elementor-widget elementor-widget-heading\" data-id=\"bfb0f48\" data-element_type=\"widget\" data-widget_type=\"heading.default\">\n\t\t\t\t<div class=\"elementor-widget-container\">\n\t\t\t\t\t<h2 class=\"elementor-heading-title elementor-size-default\">Para los Pekes<\/h2>\t\t\t\t<\/div>\n\t\t\t\t<\/div>\n\t\t\t\t<div class=\"elementor-element elementor-element-68cfe24 elementor-widget elementor-widget-image\" data-id=\"68cfe24\" data-element_type=\"widget\" data-widget_type=\"image.default\">\n\t\t\t\t<div class=\"elementor-widget-container\">\n\t\t\t\t\t\t\t\t\t\t\t\t\t\t\t<img loading=\"lazy\" decoding=\"async\" width=\"243\" height=\"273\" src=\"https:\/\/eder.gal\/en\/wp-content\/uploads\/2023\/06\/pekes.png\" class=\"attachment-large size-large wp-image-1607\" alt=\"\" srcset=\"https:\/\/eder.gal\/en\/wp-content\/uploads\/2023\/06\/pekes.png 243w, https:\/\/eder.gal\/en\/wp-content\/uploads\/2023\/06\/pekes-67x75.png 67w\" sizes=\"(max-width:767px) 243px, 243px\" \/>\t\t\t\t\t\t\t\t\t\t\t\t\t\t\t<\/div>\n\t\t\t\t<\/div>\n\t\t\t\t\t<\/div>\n\t\t<\/div>\n\t\t\t\t<div class=\"elementor-column elementor-col-33 elementor-top-column elementor-element elementor-element-90ea410\" data-id=\"90ea410\" data-element_type=\"column\">\n\t\t\t<div class=\"elementor-widget-wrap elementor-element-populated\">\n\t\t\t\t\t\t<div class=\"elementor-element elementor-element-e32fb60 elementor-widget elementor-widget-heading\" data-id=\"e32fb60\" data-element_type=\"widget\" data-widget_type=\"heading.default\">\n\t\t\t\t<div class=\"elementor-widget-container\">\n\t\t\t\t\t<h2 class=\"elementor-heading-title elementor-size-default\">Postres caseros<\/h2>\t\t\t\t<\/div>\n\t\t\t\t<\/div>\n\t\t\t\t<div class=\"elementor-element elementor-element-1459290 elementor-widget elementor-widget-image\" data-id=\"1459290\" data-element_type=\"widget\" data-widget_type=\"image.default\">\n\t\t\t\t<div class=\"elementor-widget-container\">\n\t\t\t\t\t\t\t\t\t\t\t\t\t\t\t<img loading=\"lazy\" decoding=\"async\" width=\"434\" height=\"155\" src=\"https:\/\/eder.gal\/en\/wp-content\/uploads\/2023\/06\/postres-caseros.png\" class=\"attachment-large size-large wp-image-1608\" alt=\"\" srcset=\"https:\/\/eder.gal\/en\/wp-content\/uploads\/2023\/06\/postres-caseros.png 434w, https:\/\/eder.gal\/en\/wp-content\/uploads\/2023\/06\/postres-caseros-300x107.png 300w, https:\/\/eder.gal\/en\/wp-content\/uploads\/2023\/06\/postres-caseros-150x54.png 150w\" sizes=\"(max-width:767px) 434px, 434px\" \/>\t\t\t\t\t\t\t\t\t\t\t\t\t\t\t<\/div>\n\t\t\t\t<\/div>\n\t\t\t\t\t<\/div>\n\t\t<\/div>\n\t\t\t\t<div class=\"elementor-column elementor-col-33 elementor-top-column elementor-element elementor-element-86b3b72\" data-id=\"86b3b72\" data-element_type=\"column\">\n\t\t\t<div class=\"elementor-widget-wrap elementor-element-populated\">\n\t\t\t\t\t\t<div class=\"elementor-element elementor-element-ccb0d52 elementor-widget elementor-widget-heading\" data-id=\"ccb0d52\" data-element_type=\"widget\" data-widget_type=\"heading.default\">\n\t\t\t\t<div class=\"elementor-widget-container\">\n\t\t\t\t\t<h2 class=\"elementor-heading-title elementor-size-default\">Helados<\/h2>\t\t\t\t<\/div>\n\t\t\t\t<\/div>\n\t\t\t\t<div class=\"elementor-element elementor-element-60aceb1 elementor-widget elementor-widget-image\" data-id=\"60aceb1\" data-element_type=\"widget\" data-widget_type=\"image.default\">\n\t\t\t\t<div class=\"elementor-widget-container\">\n\t\t\t\t\t\t\t\t\t\t\t\t\t\t\t<img loading=\"lazy\" decoding=\"async\" width=\"292\" height=\"222\" src=\"https:\/\/eder.gal\/en\/wp-content\/uploads\/2023\/06\/Helados.png\" class=\"attachment-large size-large wp-image-1609\" alt=\"\" srcset=\"https:\/\/eder.gal\/en\/wp-content\/uploads\/2023\/06\/Helados.png 292w, https:\/\/eder.gal\/en\/wp-content\/uploads\/2023\/06\/Helados-99x75.png 99w\" sizes=\"(max-width:767px) 292px, 292px\" \/>\t\t\t\t\t\t\t\t\t\t\t\t\t\t\t<\/div>\n\t\t\t\t<\/div>\n\t\t\t\t\t<\/div>\n\t\t<\/div>\n\t\t\t\t\t<\/div>\n\t\t<\/section>\n\t\t\t\t<\/div>\n\t\t","protected":false},"excerpt":{"rendered":"<p>Por las caracter\u00edsticas de instalaci\u00f3n, manipulaci\u00f3n y elaboraci\u00f3n de nuestro establecimiento, todos nuestros productos son susceptibles de contener de manera directa o a trav\u00e9s de la<span class=\"excerpt-hellip\"> [\u2026]<\/span><\/p>\n","protected":false},"author":1,"featured_media":0,"parent":0,"menu_order":0,"comment_status":"closed","ping_status":"closed","template":"elementor_header_footer","meta":{"footnotes":""},"class_list":["post-1595","page","type-page","status-publish","hentry"],"_links":{"self":[{"href":"https:\/\/eder.gal\/en\/wp-json\/wp\/v2\/pages\/1595","targetHints":{"allow":["GET"]}}],"collection":[{"href":"https:\/\/eder.gal\/en\/wp-json\/wp\/v2\/pages"}],"about":[{"href":"https:\/\/eder.gal\/en\/wp-json\/wp\/v2\/types\/page"}],"author":[{"embeddable":true,"href":"https:\/\/eder.gal\/en\/wp-json\/wp\/v2\/users\/1"}],"replies":[{"embeddable":true,"href":"https:\/\/eder.gal\/en\/wp-json\/wp\/v2\/comments?post=1595"}],"version-history":[{"count":8,"href":"https:\/\/eder.gal\/en\/wp-json\/wp\/v2\/pages\/1595\/revisions"}],"predecessor-version":[{"id":1625,"href":"https:\/\/eder.gal\/en\/wp-json\/wp\/v2\/pages\/1595\/revisions\/1625"}],"wp:attachment":[{"href":"https:\/\/eder.gal\/en\/wp-json\/wp\/v2\/media?parent=1595"}],"curies":[{"name":"wp","href":"https:\/\/api.w.org\/{rel}","templated":true}]}}